{"id":10759,"date":"2023-10-25T13:37:35","date_gmt":"2023-10-25T13:37:35","guid":{"rendered":"https:\/\/bridge497.qodeinteractive.com\/?page_id=10759"},"modified":"2024-06-18T09:01:04","modified_gmt":"2024-06-18T07:01:04","slug":"contact-2","status":"publish","type":"page","link":"https:\/\/bastidouducros.com\/?page_id=10759","title":{"rendered":"CONTACT PAR MAIL"},"content":{"rendered":"\t\t<div data-elementor-type=\"wp-page\" data-elementor-id=\"10759\" class=\"elementor elementor-10759\">\n\t\t\t\t<div class=\"elementor-element elementor-element-3447bc4 e-con-full e-flex parallax_section_no qode_elementor_container_no e-con e-parent\" data-id=\"3447bc4\" data-element_type=\"container\">\n\t\t<div class=\"elementor-element elementor-element-f5fe683 e-con-full e-flex parallax_section_no qode_elementor_container_no e-con e-child\" data-id=\"f5fe683\" data-element_type=\"container\">\n\t\t\t\t<div class=\"elementor-element elementor-element-5db418a elementor-widget elementor-widget-text-editor\" data-id=\"5db418a\" data-element_type=\"widget\" data-widget_type=\"text-editor.default\">\n\t\t\t\t<div class=\"elementor-widget-container\">\n\t\t\t<style>\/*! elementor - v3.21.0 - 08-05-2024 *\/\n.elementor-widget-text-editor.elementor-drop-cap-view-stacked .elementor-drop-cap{background-color:#69727d;color:#fff}.elementor-widget-text-editor.elementor-drop-cap-view-framed .elementor-drop-cap{color:#69727d;border:3px solid;background-color:transparent}.elementor-widget-text-editor:not(.elementor-drop-cap-view-default) .elementor-drop-cap{margin-top:8px}.elementor-widget-text-editor:not(.elementor-drop-cap-view-default) .elementor-drop-cap-letter{width:1em;height:1em}.elementor-widget-text-editor .elementor-drop-cap{float:left;text-align:center;line-height:1;font-size:50px}.elementor-widget-text-editor .elementor-drop-cap-letter{display:inline-block}<\/style>\t\t\t\t<h6>Envie d&rsquo;\u00e9vasion ?\u00a0<\/h6>\t\t\t\t\t\t<\/div>\n\t\t\t\t<\/div>\n\t\t\t\t<div class=\"elementor-element elementor-element-e20c7b0 elementor-widget elementor-widget-text-editor\" data-id=\"e20c7b0\" data-element_type=\"widget\" data-widget_type=\"text-editor.default\">\n\t\t\t\t<div class=\"elementor-widget-container\">\n\t\t\t\t\t\t\t<h2 class=\"qodef-m-title\">Demande de disponibilit\u00e9 .<\/h2>\t\t\t\t\t\t<\/div>\n\t\t\t\t<\/div>\n\t\t\t\t<div class=\"elementor-element elementor-element-3833fee elementor-widget elementor-widget-bridge_cf_7\" data-id=\"3833fee\" data-element_type=\"widget\" data-widget_type=\"bridge_cf_7.default\">\n\t\t\t\t<div class=\"elementor-widget-container\">\n\t\t\t    <div class=\"qode-contact-form-7 qode-contact-form-7-0\">\n    \n<div class=\"wpcf7 no-js\" id=\"wpcf7-f11536-o1\" lang=\"fr-FR\" dir=\"ltr\">\n<div class=\"screen-reader-response\"><p role=\"status\" aria-live=\"polite\" aria-atomic=\"true\"><\/p> <ul><\/ul><\/div>\n<form action=\"\/index.php?rest_route=%2Fwp%2Fv2%2Fpages%2F10759#wpcf7-f11536-o1\" method=\"post\" class=\"wpcf7-form init cf7_custom_style_2\" aria-label=\"Formulaire de contact\" novalidate=\"novalidate\" data-status=\"init\">\n<div style=\"display: none;\">\n<input type=\"hidden\" name=\"_wpcf7\" value=\"11536\" \/>\n<input type=\"hidden\" name=\"_wpcf7_version\" value=\"5.9.5\" \/>\n<input type=\"hidden\" name=\"_wpcf7_locale\" value=\"fr_FR\" \/>\n<input type=\"hidden\" name=\"_wpcf7_unit_tag\" value=\"wpcf7-f11536-o1\" \/>\n<input type=\"hidden\" name=\"_wpcf7_container_post\" value=\"0\" \/>\n<input type=\"hidden\" name=\"_wpcf7_posted_data_hash\" value=\"\" \/>\n<\/div>\n<label> Votre nom\n    <span class=\"wpcf7-form-control-wrap\" data-name=\"your-name\"><input size=\"40\" class=\"wpcf7-form-control wpcf7-text wpcf7-validates-as-required\" autocomplete=\"name\" aria-required=\"true\" aria-invalid=\"false\" value=\"\" type=\"text\" name=\"your-name\" \/><\/span> <\/label>\n\n<label> Votre Pr\u00e9nom\n    <span class=\"wpcf7-form-control-wrap\" data-name=\"your-firstname\"><input size=\"40\" class=\"wpcf7-form-control wpcf7-text wpcf7-validates-as-required\" autocomplete=\"firstname\" aria-required=\"true\" aria-invalid=\"false\" value=\"\" type=\"text\" name=\"your-firstname\" \/><\/span> <\/label>\n\n<label> Objet de votre demande : \n    <span class=\"wpcf7-form-control-wrap\" data-name=\"your-subject\"><input size=\"40\" class=\"wpcf7-form-control wpcf7-text wpcf7-validates-as-required\" aria-required=\"true\" aria-invalid=\"false\" value=\"\" type=\"text\" name=\"your-subject\" \/><\/span> <\/label>\n\n<label> Votre e-mail\n    <span class=\"wpcf7-form-control-wrap\" data-name=\"your-email\"><input size=\"40\" class=\"wpcf7-form-control wpcf7-email wpcf7-validates-as-required wpcf7-text wpcf7-validates-as-email\" autocomplete=\"email\" aria-required=\"true\" aria-invalid=\"false\" value=\"\" type=\"email\" name=\"your-email\" \/><\/span> <\/label>\n\n<label> T\u00e9l\u00e9phone\n<span class=\"wpcf7-form-control-wrap\" data-name=\"tel-995\"><input size=\"40\" class=\"wpcf7-form-control wpcf7-tel wpcf7-validates-as-required wpcf7-text wpcf7-validates-as-tel\" aria-required=\"true\" aria-invalid=\"false\" value=\"\" type=\"tel\" name=\"tel-995\" \/><\/span><\/label>\n\n<label> Date de d\u00e9but de r\u00e9servation envisag\u00e9e \n<span class=\"wpcf7-form-control-wrap\" data-name=\"date-269\"><input class=\"wpcf7-form-control wpcf7-date wpcf7-validates-as-required wpcf7-validates-as-date\" aria-required=\"true\" aria-invalid=\"false\" value=\"\" type=\"date\" name=\"date-269\" \/><\/span><\/label>\n\n<label> Date de fin de r\u00e9servation envisag\u00e9e \n<span class=\"wpcf7-form-control-wrap\" data-name=\"date-22\"><input class=\"wpcf7-form-control wpcf7-date wpcf7-validates-as-required wpcf7-validates-as-date\" aria-required=\"true\" aria-invalid=\"false\" value=\"\" type=\"date\" name=\"date-22\" \/><\/span><\/label>\n<br>\n<span class=\"wpcf7-form-control-wrap\" data-name=\"text-39\"><input size=\"40\" class=\"wpcf7-form-control wpcf7-text\" aria-invalid=\"false\" value=\"Attention le nombre de couchage est limit\u00e9 \u00e0 6 personnes (adultes + enfants)\" type=\"text\" name=\"text-39\" \/><\/span>\n\n<label> Nombre d'adultes\n<span class=\"wpcf7-form-control-wrap\" data-name=\"menu-294\"><select class=\"wpcf7-form-control wpcf7-select wpcf7-validates-as-required\" aria-required=\"true\" aria-invalid=\"false\" name=\"menu-294\"><option value=\"1\">1<\/option><option value=\"2\">2<\/option><option value=\"3\">3<\/option><option value=\"4\">4<\/option><option value=\"5\">5<\/option><option value=\"6\">6<\/option><\/select><\/span><\/label>\n\n<label> Nombre d'enfants\n<span class=\"wpcf7-form-control-wrap\" data-name=\"menu-180\"><select class=\"wpcf7-form-control wpcf7-select wpcf7-validates-as-required\" aria-required=\"true\" aria-invalid=\"false\" name=\"menu-180\"><option value=\"0\">0<\/option><option value=\"1\">1<\/option><option value=\"2\">2<\/option><option value=\"3\">3<\/option><option value=\"4\">4<\/option><option value=\"5\">5<\/option><\/select><\/span><\/label>\n\n\n<span class=\"wpcf7-form-control-wrap\" data-name=\"text-724\"><input size=\"40\" class=\"wpcf7-form-control wpcf7-text\" aria-invalid=\"false\" placeholder=\"Pour v\u00e9rifier que vous n&#039;\u00eates pas un Robot, merci de r\u00e9pondre \u00e0 la question suivante :\" value=\"\" type=\"text\" name=\"text-724\" \/><\/span>\n<label>   \n<span class=\"wpcf7-form-control-wrap\" data-name=\"quiz-302\"><label><span class=\"wpcf7-quiz-label\">Quel est la capital de la France<\/span> <input size=\"40\" class=\"wpcf7-form-control wpcf7-quiz\" autocomplete=\"off\" aria-required=\"true\" aria-invalid=\"false\" type=\"text\" name=\"quiz-302\" \/><\/label><input type=\"hidden\" name=\"_wpcf7_quiz_answer_quiz-302\" value=\"5d7e0c99e84ec595ada5f4ef43955a35\" \/><\/span>\n\n<BR>\n<span class=\"wpcf7-form-control-wrap\" data-name=\"textarea-158\"><textarea cols=\"40\" rows=\"10\" class=\"wpcf7-form-control wpcf7-textarea\" aria-invalid=\"false\" placeholder=\"VOTRE MESSAGE\" name=\"textarea-158\"><\/textarea><\/span>\n\n\n<input class=\"wpcf7-form-control wpcf7-submit has-spinner\" type=\"submit\" value=\"Envoyer\" \/><div class=\"wpcf7-response-output\" aria-hidden=\"true\"><\/div>\n<\/form>\n<\/div>\n    <\/div>\n\t\t<\/div>\n\t\t\t\t<\/div>\n\t\t\t\t<\/div>\n\t\t<div class=\"elementor-element elementor-element-4468630 e-con-full e-flex parallax_section_no qode_elementor_container_no e-con e-child\" data-id=\"4468630\" data-element_type=\"container\">\n\t\t\t\t<\/div>\n\t\t\t\t<\/div>\n\t\t\t\t<\/div>\n\t\t","protected":false},"excerpt":{"rendered":"<p>Envie d&rsquo;\u00e9vasion ?\u00a0 Demande de disponibilit\u00e9 . Votre nom Votre Pr\u00e9nom Objet de votre demande : Votre e-mail T\u00e9l\u00e9phone Date de d\u00e9but de r\u00e9servation envisag\u00e9e Date de fin de r\u00e9servation envisag\u00e9e Nombre d&rsquo;adultes 123456 Nombre d&rsquo;enfants 012345 Pour v\u00e9rifier que vous n&rsquo;\u00eates pas un Robot,&#8230;<\/p>\n","protected":false},"author":2,"featured_media":0,"parent":0,"menu_order":0,"comment_status":"closed","ping_status":"closed","template":"full_width.php","meta":{"content-type":"","footnotes":""},"class_list":["post-10759","page","type-page","status-publish","hentry"],"_links":{"self":[{"href":"https:\/\/bastidouducros.com\/index.php?rest_route=\/wp\/v2\/pages\/10759","targetHints":{"allow":["GET"]}}],"collection":[{"href":"https:\/\/bastidouducros.com\/index.php?rest_route=\/wp\/v2\/pages"}],"about":[{"href":"https:\/\/bastidouducros.com\/index.php?rest_route=\/wp\/v2\/types\/page"}],"author":[{"embeddable":true,"href":"https:\/\/bastidouducros.com\/index.php?rest_route=\/wp\/v2\/users\/2"}],"replies":[{"embeddable":true,"href":"https:\/\/bastidouducros.com\/index.php?rest_route=%2Fwp%2Fv2%2Fcomments&post=10759"}],"version-history":[{"count":17,"href":"https:\/\/bastidouducros.com\/index.php?rest_route=\/wp\/v2\/pages\/10759\/revisions"}],"predecessor-version":[{"id":11976,"href":"https:\/\/bastidouducros.com\/index.php?rest_route=\/wp\/v2\/pages\/10759\/revisions\/11976"}],"wp:attachment":[{"href":"https:\/\/bastidouducros.com\/index.php?rest_route=%2Fwp%2Fv2%2Fmedia&parent=10759"}],"curies":[{"name":"wp","href":"https:\/\/api.w.org\/{rel}","templated":true}]}}